{"id":640,"date":"2023-04-19T21:53:43","date_gmt":"2023-04-19T21:53:43","guid":{"rendered":"https:\/\/santinilegal.com\/?page_id=640"},"modified":"2023-06-22T19:40:58","modified_gmt":"2023-06-22T19:40:58","slug":"firm","status":"publish","type":"page","link":"https:\/\/santinilegal.com\/es\/firm\/","title":{"rendered":"Firme"},"content":{"rendered":"<style>.elementor-640 .elementor-element.elementor-element-f898894 > .elementor-container{min-height:60vh;}.elementor-640 .elementor-element.elementor-element-f898894 > .elementor-container > .elementor-column > .elementor-widget-wrap{align-content:flex-end;align-items:flex-end;}.elementor-640 .elementor-element.elementor-element-f898894:not(.elementor-motion-effects-element-type-background), .elementor-640 .elementor-element.elementor-element-f898894 > .elementor-motion-effects-container > .elementor-motion-effects-layer{background-image:url(\"https:\/\/santinilegal.com\/wp-content\/uploads\/2023\/04\/lawyer.jpg\");background-position:center center;background-repeat:no-repeat;background-size:cover;}.elementor-640 .elementor-element.elementor-element-f898894{transition:background 0.3s, border 0.3s, border-radius 0.3s, box-shadow 0.3s;padding:0em 1em 0em 1em;}.elementor-640 .elementor-element.elementor-element-f898894 > .elementor-background-overlay{transition:background 0.3s, border-radius 0.3s, opacity 0.3s;}.elementor-640 .elementor-element.elementor-element-bd2b883 > .elementor-element-populated{padding:0px 0px 0px 0px;}.elementor-640 .elementor-element.elementor-element-171e1ca{--spacer-size:86px;}.elementor-640 .elementor-element.elementor-element-fce4e7b:not(.elementor-motion-effects-element-type-background), .elementor-640 .elementor-element.elementor-element-fce4e7b > .elementor-motion-effects-container > .elementor-motion-effects-layer{background-color:var( --e-global-color-4d3e7bd );background-image:url(\"https:\/\/santinilegal.com\/wp-content\/uploads\/2023\/03\/attorneys.jpg\");background-position:center center;background-repeat:no-repeat;background-size:cover;}.elementor-640 .elementor-element.elementor-element-fce4e7b > .elementor-background-overlay{background-color:var( --e-global-color-4d3e7bd );opacity:0.92;transition:background 0.3s, border-radius 0.3s, opacity 0.3s;}.elementor-640 .elementor-element.elementor-element-fce4e7b:hover > .elementor-background-overlay{background-color:var( --e-global-color-4d3e7bd );opacity:1;}.elementor-640 .elementor-element.elementor-element-fce4e7b{transition:background 0.3s, border 0.3s, border-radius 0.3s, box-shadow 0.3s;padding:3em 1em 3em 1em;}.elementor-widget-heading .elementor-heading-title{font-family:var( --e-global-typography-primary-font-family ), Sans-serif;font-weight:var( --e-global-typography-primary-font-weight );color:var( --e-global-color-primary );}.elementor-640 .elementor-element.elementor-element-51ab47c .elementor-heading-title{font-family:\"Sentinal\", Sans-serif;font-weight:200;}.elementor-640 .elementor-element.elementor-element-101e462{padding:5em 1em 5em 1em;}.elementor-widget-text-editor{font-family:var( --e-global-typography-text-font-family ), Sans-serif;font-size:var( --e-global-typography-text-font-size );font-weight:var( --e-global-typography-text-font-weight );color:var( --e-global-color-text );}.elementor-widget-text-editor.elementor-drop-cap-view-stacked .elementor-drop-cap{background-color:var( --e-global-color-primary );}.elementor-widget-text-editor.elementor-drop-cap-view-framed .elementor-drop-cap, .elementor-widget-text-editor.elementor-drop-cap-view-default .elementor-drop-cap{color:var( --e-global-color-primary );border-color:var( --e-global-color-primary );}.elementor-640 .elementor-element.elementor-element-3935da7{column-gap:0px;font-family:\"Sentinal\", Sans-serif;font-size:20px;font-weight:400;color:#000000;}@media(min-width:1025px){.elementor-640 .elementor-element.elementor-element-f898894:not(.elementor-motion-effects-element-type-background), .elementor-640 .elementor-element.elementor-element-f898894 > .elementor-motion-effects-container > .elementor-motion-effects-layer{background-attachment:fixed;}.elementor-640 .elementor-element.elementor-element-fce4e7b:not(.elementor-motion-effects-element-type-background), .elementor-640 .elementor-element.elementor-element-fce4e7b > .elementor-motion-effects-container > .elementor-motion-effects-layer{background-attachment:fixed;}}@media(max-width:1024px){.elementor-640 .elementor-element.elementor-element-f898894 > .elementor-container{min-height:60vh;}.elementor-640 .elementor-element.elementor-element-f898894{padding:3em 1em 3em 1em;}.elementor-640 .elementor-element.elementor-element-171e1ca{--spacer-size:10px;}.elementor-640 .elementor-element.elementor-element-fce4e7b{padding:1em 1em 1em 1em;}.elementor-640 .elementor-element.elementor-element-101e462{padding:3em 1em 3em 1em;}.elementor-widget-text-editor{font-size:var( --e-global-typography-text-font-size );}.elementor-640 .elementor-element.elementor-element-3935da7{font-size:15px;}}@media(max-width:767px){.elementor-640 .elementor-element.elementor-element-f898894 > .elementor-container{min-height:40vh;}.elementor-640 .elementor-element.elementor-element-f898894{padding:3em 1em 3em 1em;}.elementor-640 .elementor-element.elementor-element-fce4e7b{padding:1em 1em 1em 1em;}.elementor-640 .elementor-element.elementor-element-101e462{padding:3em 1em 3em 1em;}.elementor-widget-text-editor{font-size:var( --e-global-typography-text-font-size );}.elementor-640 .elementor-element.elementor-element-3935da7{font-size:14px;}}\/* Start Custom Fonts CSS *\/@font-face {\n\tfont-family: 'Sentinal';\n\tfont-style: normal;\n\tfont-weight: normal;\n\tfont-display: auto;\n\tsrc: url('https:\/\/santinilegal.com\/wp-content\/uploads\/2023\/03\/Sentinel-Medium.ttf') format('truetype');\n}\n\/* End Custom Fonts CSS *\/<\/style>\t\t<div data-elementor-type=\"wp-page\" data-elementor-id=\"640\" class=\"elementor elementor-640\" data-elementor-post-type=\"page\">\n\t\t\t\t\t\t<section class=\"elementor-section elementor-top-section elementor-element elementor-element-f898894 elementor-section-full_width elementor-section-height-min-height elementor-section-content-bottom elementor-section-items-stretch elementor-section-height-default\" data-id=\"f898894\" data-element_type=\"section\" data-e-type=\"section\" data-settings=\"{&quot;background_background&quot;:&quot;classic&quot;}\">\n\t\t\t\t\t\t<div class=\"elementor-container elementor-column-gap-default\">\n\t\t\t\t\t<div class=\"elementor-column elementor-col-100 elementor-top-column elementor-element elementor-element-bd2b883\" data-id=\"bd2b883\" data-element_type=\"column\" data-e-type=\"column\">\n\t\t\t<div class=\"elementor-widget-wrap elementor-element-populated\">\n\t\t\t\t\t\t<div class=\"elementor-element elementor-element-171e1ca elementor-widget elementor-widget-spacer\" data-id=\"171e1ca\" data-element_type=\"widget\" data-e-type=\"widget\" data-widget_type=\"spacer.default\">\n\t\t\t\t<div class=\"elementor-widget-container\">\n\t\t\t\t\t\t\t<div class=\"elementor-spacer\">\n\t\t\t<div class=\"elementor-spacer-inner\"><\/div>\n\t\t<\/div>\n\t\t\t\t\t\t<\/div>\n\t\t\t\t<\/div>\n\t\t\t\t\t<\/div>\n\t\t<\/div>\n\t\t\t\t\t<\/div>\n\t\t<\/section>\n\t\t\t\t<section class=\"elementor-section elementor-top-section elementor-element elementor-element-fce4e7b elementor-section-boxed elementor-section-height-default elementor-section-height-default\" data-id=\"fce4e7b\" data-element_type=\"section\" data-e-type=\"section\" data-settings=\"{&quot;background_background&quot;:&quot;classic&quot;}\">\n\t\t\t\t\t\t\t<div class=\"elementor-background-overlay\"><\/div>\n\t\t\t\t\t\t\t<div class=\"elementor-container elementor-column-gap-default\">\n\t\t\t\t\t<div class=\"elementor-column elementor-col-100 elementor-top-column elementor-element elementor-element-4d86a30\" data-id=\"4d86a30\" data-element_type=\"column\" data-e-type=\"column\">\n\t\t\t<div class=\"elementor-widget-wrap elementor-element-populated\">\n\t\t\t\t\t\t<div class=\"elementor-element elementor-element-51ab47c elementor-widget elementor-widget-heading\" data-id=\"51ab47c\" data-element_type=\"widget\" data-e-type=\"widget\" data-widget_type=\"heading.default\">\n\t\t\t\t<div class=\"elementor-widget-container\">\n\t\t\t\t\t<h1 class=\"elementor-heading-title elementor-size-default\">Firme<\/h1>\t\t\t\t<\/div>\n\t\t\t\t<\/div>\n\t\t\t\t\t<\/div>\n\t\t<\/div>\n\t\t\t\t\t<\/div>\n\t\t<\/section>\n\t\t\t\t<section class=\"elementor-section elementor-top-section elementor-element elementor-element-101e462 elementor-section-boxed elementor-section-height-default elementor-section-height-default\" data-id=\"101e462\" data-element_type=\"section\" data-e-type=\"section\">\n\t\t\t\t\t\t<div class=\"elementor-container elementor-column-gap-default\">\n\t\t\t\t\t<div class=\"elementor-column elementor-col-100 elementor-top-column elementor-element elementor-element-f37cebf\" data-id=\"f37cebf\" data-element_type=\"column\" data-e-type=\"column\">\n\t\t\t<div class=\"elementor-widget-wrap elementor-element-populated\">\n\t\t\t\t\t\t<div class=\"elementor-element elementor-element-3935da7 elementor-widget elementor-widget-text-editor\" data-id=\"3935da7\" data-element_type=\"widget\" data-e-type=\"widget\" data-widget_type=\"text-editor.default\">\n\t\t\t\t<div class=\"elementor-widget-container\">\n\t\t\t\t\t\t\t\t\t<p>La firma fue fundada por Raphael J. Santini en 1987. Raphael tuvo su primer trabajo legal a los 25 a\u00f1os cuando comenz\u00f3 a trabajar como Comisionado. Ha sido miembro del Colegio de Abogados de Maryland desde 1987 y durante ese tiempo ha adquirido un gran conocimiento y experiencia. Ha desarrollado v\u00ednculos s\u00f3lidos en todo el campo legal de Maryland. Es un honor para \u00e9l haber sido anteriormente presidente de la Asociaci\u00f3n de Abogados Hispanos de Maryland y, m\u00e1s recientemente, convertirse en presidente electo de la Asociaci\u00f3n de Abogados del Estado de Maryland.<\/p><p>Una de las hijas de Raphael, Annamaria, trabaja ahora con \u00e9l como asociada. Despu\u00e9s de terminar la facultad de derecho, Annamaria trabaj\u00f3 como secretaria de la Honorable Nancy Purpura en el Tribunal de Circuito del Condado de Baltimore. Durante los casi cuatro a\u00f1os siguientes, trabaj\u00f3 como fiscal estatal adjunta en el condado de Baltimore. Est\u00e1 encantada de unirse al negocio familiar.<\/p><p>Como pr\u00e1ctica familiar, entendemos el valor del trabajo duro y el compromiso. Sabemos que afrontar cuestiones legales puede ser estresante y aterrador. Nos tomamos en serio su confianza en nosotros y estamos decididos a tratar cada uno de nuestros casos con gran cuidado y brindarle el mejor resultado.<\/p>\t\t\t\t\t\t\t\t<\/div>\n\t\t\t\t<\/div>\n\t\t\t\t\t<\/div>\n\t\t<\/div>\n\t\t\t\t\t<\/div>\n\t\t<\/section>\n\t\t\t\t<\/div>","protected":false},"excerpt":{"rendered":"<p>Firm The firm was founded by Raphael J. Santini in 1987. Raphael has his first legal job at 25 when he began working as a Commissioner. He has been a member of the Maryland Bar since 1987 and during that time has gained a wealth of knowledge and experience. He has developed strong bonds throughout [&hellip;]<\/p>\n","protected":false},"author":1,"featured_media":0,"parent":0,"menu_order":0,"comment_status":"closed","ping_status":"closed","template":"","meta":{"footnotes":""},"class_list":["post-640","page","type-page","status-publish","hentry"],"_links":{"self":[{"href":"https:\/\/santinilegal.com\/es\/wp-json\/wp\/v2\/pages\/640","targetHints":{"allow":["GET"]}}],"collection":[{"href":"https:\/\/santinilegal.com\/es\/wp-json\/wp\/v2\/pages"}],"about":[{"href":"https:\/\/santinilegal.com\/es\/wp-json\/wp\/v2\/types\/page"}],"author":[{"embeddable":true,"href":"https:\/\/santinilegal.com\/es\/wp-json\/wp\/v2\/users\/1"}],"replies":[{"embeddable":true,"href":"https:\/\/santinilegal.com\/es\/wp-json\/wp\/v2\/comments?post=640"}],"version-history":[{"count":25,"href":"https:\/\/santinilegal.com\/es\/wp-json\/wp\/v2\/pages\/640\/revisions"}],"predecessor-version":[{"id":858,"href":"https:\/\/santinilegal.com\/es\/wp-json\/wp\/v2\/pages\/640\/revisions\/858"}],"wp:attachment":[{"href":"https:\/\/santinilegal.com\/es\/wp-json\/wp\/v2\/media?parent=640"}],"curies":[{"name":"wp","href":"https:\/\/api.w.org\/{rel}","templated":true}]}}